{"id":15,"date":"2020-02-14T13:31:53","date_gmt":"2020-02-14T13:31:53","guid":{"rendered":"https:\/\/victorefege.es\/?page_id=15"},"modified":"2024-08-06T11:50:30","modified_gmt":"2024-08-06T11:50:30","slug":"biografia","status":"publish","type":"page","link":"https:\/\/victorefege.es\/en\/biografia\/","title":{"rendered":"Biography"},"content":{"rendered":"<div data-elementor-type=\"wp-page\" data-elementor-id=\"15\" class=\"elementor elementor-15\">\n\t\t\t\t\t\t<section class=\"elementor-section elementor-top-section elementor-element elementor-element-4be23bc elementor-section-boxed elementor-section-height-default elementor-section-height-default\" data-id=\"4be23bc\" data-element_type=\"section\" data-settings=\"{&quot;background_background&quot;:&quot;classic&quot;}\">\n\t\t\t\t\t\t<div class=\"elementor-container elementor-column-gap-default\">\n\t\t\t\t\t<div class=\"elementor-column elementor-col-100 elementor-top-column elementor-element elementor-element-8dbbdf0\" data-id=\"8dbbdf0\" data-element_type=\"column\">\n\t\t\t<div class=\"elementor-widget-wrap elementor-element-populated\">\n\t\t\t\t\t\t<div class=\"elementor-element elementor-element-67cc910 elementor-widget elementor-widget-image\" data-id=\"67cc910\" data-element_type=\"widget\" data-widget_type=\"image.default\">\n\t\t\t\t<div class=\"elementor-widget-container\">\n\t\t\t\t\t\t\t\t\t\t\t\t\t<img fetchpriority=\"high\" decoding=\"async\" width=\"800\" height=\"534\" src=\"https:\/\/victorefege.es\/wp-content\/uploads\/2024\/08\/MG_3253-1024x683.jpg\" class=\"attachment-large size-large wp-image-721\" alt=\"\" srcset=\"https:\/\/victorefege.es\/wp-content\/uploads\/2024\/08\/MG_3253-1024x683.jpg 1024w, https:\/\/victorefege.es\/wp-content\/uploads\/2024\/08\/MG_3253-300x200.jpg 300w, https:\/\/victorefege.es\/wp-content\/uploads\/2024\/08\/MG_3253-768x512.jpg 768w, https:\/\/victorefege.es\/wp-content\/uploads\/2024\/08\/MG_3253-1536x1024.jpg 1536w, https:\/\/victorefege.es\/wp-content\/uploads\/2024\/08\/MG_3253-2048x1365.jpg 2048w\" sizes=\"(max-width: 800px) 100vw, 800px\" \/>\t\t\t\t\t\t\t\t\t\t\t\t\t<\/div>\n\t\t\t\t<\/div>\n\t\t\t\t\t<\/div>\n\t\t<\/div>\n\t\t\t\t\t<\/div>\n\t\t<\/section>\n\t\t\t\t<section class=\"elementor-section elementor-top-section elementor-element elementor-element-7885d93 elementor-section-boxed elementor-section-height-default elementor-section-height-default\" data-id=\"7885d93\" data-element_type=\"section\" data-settings=\"{&quot;background_background&quot;:&quot;classic&quot;}\">\n\t\t\t\t\t\t<div class=\"elementor-container elementor-column-gap-default\">\n\t\t\t\t\t<div class=\"elementor-column elementor-col-100 elementor-top-column elementor-element elementor-element-aca68de\" data-id=\"aca68de\" data-element_type=\"column\">\n\t\t\t<div class=\"elementor-widget-wrap elementor-element-populated\">\n\t\t\t\t\t\t<div class=\"elementor-element elementor-element-7157d47 elementor-widget elementor-widget-heading\" data-id=\"7157d47\" data-element_type=\"widget\" data-widget_type=\"heading.default\">\n\t\t\t\t<div class=\"elementor-widget-container\">\n\t\t\t<h2 class=\"elementor-heading-title elementor-size-default\">Victor FG: Actor<\/h2>\t\t<\/div>\n\t\t\t\t<\/div>\n\t\t\t\t\t<\/div>\n\t\t<\/div>\n\t\t\t\t\t<\/div>\n\t\t<\/section>\n\t\t\t\t<section class=\"elementor-section elementor-top-section elementor-element elementor-element-a374646 elementor-section-boxed elementor-section-height-default elementor-section-height-default\" data-id=\"a374646\" data-element_type=\"section\" data-settings=\"{&quot;background_background&quot;:&quot;classic&quot;}\">\n\t\t\t\t\t\t<div class=\"elementor-container elementor-column-gap-default\">\n\t\t\t\t\t<div class=\"elementor-column elementor-col-100 elementor-top-column elementor-element elementor-element-057de19\" data-id=\"057de19\" data-element_type=\"column\">\n\t\t\t<div class=\"elementor-widget-wrap elementor-element-populated\">\n\t\t\t\t\t\t<div class=\"elementor-element elementor-element-170f1b7 elementor-widget elementor-widget-text-editor\" data-id=\"170f1b7\" data-element_type=\"widget\" data-widget_type=\"text-editor.default\">\n\t\t\t\t<div class=\"elementor-widget-container\">\n\t\t\t\t\t\t\t<p>Welcome to my official website! I am V\u00edctor FG, an actor from Barcelona, where I trained (La Casona, Nancy Tu\u00f1\u00f3n i Jordi Oliver, school of actors or La Escuela de Impro de Barcelona, among other courses), both in text theatre, as well as acting in front of the camera or improvisation.<\/p><p>I am passionate about the world of acting, discovering other lives, embodying realities different from my own and, especially, co-creation, that magical moment when reality expands to unexpected points thanks to working together with other creators.<\/p><p>I have worked in front of the camera on feature films and shorts, as well as enjoyed being on stage with both text theatre and long improvisational formats.<\/p><p>I speak Spanish, Catalan, English and French, which has opened doors to international projects and allows me to adapt to different roles and contexts.<\/p><p>Currently, I am part of an improvisation company, Lxs \u00d1us, and I am represented by La Far\u00e1ndula, who support me at every step of my career.<\/p><p>Thanks for visiting and I hope you enjoy the tour as much as I enjoy this wonderful craft!<\/p>\t\t\t\t\t\t<\/div>\n\t\t\t\t<\/div>\n\t\t\t\t\t<\/div>\n\t\t<\/div>\n\t\t\t\t\t<\/div>\n\t\t<\/section>\n\t\t\t\t<\/div>","protected":false},"excerpt":{"rendered":"<p>V\u00edctor FG: Actor Welcome to my official website! I&#039;m V\u00edctor FG, an actor from Barcelona where I trained (at La Casona, Nancy Tu\u00f1\u00f3n i Jordi Oliver, acting school, and La Escuela de Impro de Barcelona, among other schools), both in text theater, on-camera acting, and improvisation. I&#039;m passionate about the world of [\u2026]<\/p>","protected":false},"author":1,"featured_media":0,"parent":0,"menu_order":0,"comment_status":"closed","ping_status":"closed","template":"elementor_header_footer","meta":{"footnotes":""},"yoast_head":"<!-- This site is optimized with the Yoast SEO plugin v22.6 - https:\/\/yoast.com\/wordpress\/plugins\/seo\/ -->\n<title>Biograf\u00eda - V\u00edctor FG<\/title>\n<meta name=\"robots\" content=\"index, follow, max-snippet:-1, max-image-preview:large, max-video-preview:-1\" \/>\n<link rel=\"canonical\" href=\"https:\/\/victorefege.es\/en\/biografia\/\" \/>\n<meta property=\"og:locale\" content=\"en_GB\" \/>\n<meta property=\"og:type\" content=\"article\" \/>\n<meta property=\"og:title\" content=\"Biograf\u00eda - V\u00edctor FG\" \/>\n<meta property=\"og:description\" content=\"V\u00edctor FG: Actor \u00a1Bienvenidxs a mi p\u00e1gina oficial! Soy V\u00edctor FG, actor de Barcelona donde me he formado (La Casona, Nancy Tu\u00f1\u00f3n i Jordi Oliver, escuela de actores o La Escuela de Impro de Barcelona, entre otras formaciones), tanto en teatro de texto, como actuaci\u00f3n delante de c\u00e1mara o improvisaci\u00f3n. Me apasiona el mundo de [&hellip;]\" \/>\n<meta property=\"og:url\" content=\"https:\/\/victorefege.es\/en\/biografia\/\" \/>\n<meta property=\"og:site_name\" content=\"V\u00edctor FG\" \/>\n<meta property=\"article:modified_time\" content=\"2024-08-06T11:50:30+00:00\" \/>\n<meta property=\"og:image\" content=\"http:\/\/victorefege.es\/wp-content\/uploads\/2024\/08\/MG_3253-1024x683.jpg\" \/>\n<meta name=\"twitter:card\" content=\"summary_large_image\" \/>\n<meta name=\"twitter:label1\" content=\"Est. reading time\" \/>\n\t<meta name=\"twitter:data1\" content=\"2 minutes\" \/>\n<script type=\"application\/ld+json\" class=\"yoast-schema-graph\">{\"@context\":\"https:\/\/schema.org\",\"@graph\":[{\"@type\":\"WebPage\",\"@id\":\"https:\/\/victorefege.es\/biografia\/\",\"url\":\"https:\/\/victorefege.es\/biografia\/\",\"name\":\"Biograf\u00eda - V\u00edctor FG\",\"isPartOf\":{\"@id\":\"https:\/\/victorefege.es\/#website\"},\"primaryImageOfPage\":{\"@id\":\"https:\/\/victorefege.es\/biografia\/#primaryimage\"},\"image\":{\"@id\":\"https:\/\/victorefege.es\/biografia\/#primaryimage\"},\"thumbnailUrl\":\"http:\/\/victorefege.es\/wp-content\/uploads\/2024\/08\/MG_3253-1024x683.jpg\",\"datePublished\":\"2020-02-14T13:31:53+00:00\",\"dateModified\":\"2024-08-06T11:50:30+00:00\",\"breadcrumb\":{\"@id\":\"https:\/\/victorefege.es\/biografia\/#breadcrumb\"},\"inLanguage\":\"en-GB\",\"potentialAction\":[{\"@type\":\"ReadAction\",\"target\":[\"https:\/\/victorefege.es\/biografia\/\"]}]},{\"@type\":\"ImageObject\",\"inLanguage\":\"en-GB\",\"@id\":\"https:\/\/victorefege.es\/biografia\/#primaryimage\",\"url\":\"http:\/\/victorefege.es\/wp-content\/uploads\/2024\/08\/MG_3253-1024x683.jpg\",\"contentUrl\":\"http:\/\/victorefege.es\/wp-content\/uploads\/2024\/08\/MG_3253-1024x683.jpg\"},{\"@type\":\"BreadcrumbList\",\"@id\":\"https:\/\/victorefege.es\/biografia\/#breadcrumb\",\"itemListElement\":[{\"@type\":\"ListItem\",\"position\":1,\"name\":\"Portada\",\"item\":\"https:\/\/victorefege.es\/\"},{\"@type\":\"ListItem\",\"position\":2,\"name\":\"Biograf\u00eda\"}]},{\"@type\":\"WebSite\",\"@id\":\"https:\/\/victorefege.es\/#website\",\"url\":\"https:\/\/victorefege.es\/\",\"name\":\"V\u00edctor FG\",\"description\":\"V\u00edctor FG: actor e improvisador\",\"potentialAction\":[{\"@type\":\"SearchAction\",\"target\":{\"@type\":\"EntryPoint\",\"urlTemplate\":\"https:\/\/victorefege.es\/?s={search_term_string}\"},\"query-input\":\"required name=search_term_string\"}],\"inLanguage\":\"en-GB\"}]}<\/script>\n<!-- \/ Yoast SEO plugin. -->","yoast_head_json":{"title":"Biograf\u00eda - V\u00edctor FG","robots":{"index":"index","follow":"follow","max-snippet":"max-snippet:-1","max-image-preview":"max-image-preview:large","max-video-preview":"max-video-preview:-1"},"canonical":"https:\/\/victorefege.es\/en\/biografia\/","og_locale":"en_GB","og_type":"article","og_title":"Biograf\u00eda - V\u00edctor FG","og_description":"V\u00edctor FG: Actor \u00a1Bienvenidxs a mi p\u00e1gina oficial! Soy V\u00edctor FG, actor de Barcelona donde me he formado (La Casona, Nancy Tu\u00f1\u00f3n i Jordi Oliver, escuela de actores o La Escuela de Impro de Barcelona, entre otras formaciones), tanto en teatro de texto, como actuaci\u00f3n delante de c\u00e1mara o improvisaci\u00f3n. Me apasiona el mundo de [&hellip;]","og_url":"https:\/\/victorefege.es\/en\/biografia\/","og_site_name":"V\u00edctor FG","article_modified_time":"2024-08-06T11:50:30+00:00","og_image":[{"url":"http:\/\/victorefege.es\/wp-content\/uploads\/2024\/08\/MG_3253-1024x683.jpg"}],"twitter_card":"summary_large_image","twitter_misc":{"Est. reading time":"2 minutes"},"schema":{"@context":"https:\/\/schema.org","@graph":[{"@type":"WebPage","@id":"https:\/\/victorefege.es\/biografia\/","url":"https:\/\/victorefege.es\/biografia\/","name":"Biograf\u00eda - V\u00edctor FG","isPartOf":{"@id":"https:\/\/victorefege.es\/#website"},"primaryImageOfPage":{"@id":"https:\/\/victorefege.es\/biografia\/#primaryimage"},"image":{"@id":"https:\/\/victorefege.es\/biografia\/#primaryimage"},"thumbnailUrl":"http:\/\/victorefege.es\/wp-content\/uploads\/2024\/08\/MG_3253-1024x683.jpg","datePublished":"2020-02-14T13:31:53+00:00","dateModified":"2024-08-06T11:50:30+00:00","breadcrumb":{"@id":"https:\/\/victorefege.es\/biografia\/#breadcrumb"},"inLanguage":"en-GB","potentialAction":[{"@type":"ReadAction","target":["https:\/\/victorefege.es\/biografia\/"]}]},{"@type":"ImageObject","inLanguage":"en-GB","@id":"https:\/\/victorefege.es\/biografia\/#primaryimage","url":"http:\/\/victorefege.es\/wp-content\/uploads\/2024\/08\/MG_3253-1024x683.jpg","contentUrl":"http:\/\/victorefege.es\/wp-content\/uploads\/2024\/08\/MG_3253-1024x683.jpg"},{"@type":"BreadcrumbList","@id":"https:\/\/victorefege.es\/biografia\/#breadcrumb","itemListElement":[{"@type":"ListItem","position":1,"name":"Portada","item":"https:\/\/victorefege.es\/"},{"@type":"ListItem","position":2,"name":"Biograf\u00eda"}]},{"@type":"WebSite","@id":"https:\/\/victorefege.es\/#website","url":"https:\/\/victorefege.es\/","name":"V\u00edctor FG","description":"V\u00edctor FG: actor e improvisador","potentialAction":[{"@type":"SearchAction","target":{"@type":"EntryPoint","urlTemplate":"https:\/\/victorefege.es\/?s={search_term_string}"},"query-input":"required name=search_term_string"}],"inLanguage":"en-GB"}]}},"_links":{"self":[{"href":"https:\/\/victorefege.es\/en\/wp-json\/wp\/v2\/pages\/15"}],"collection":[{"href":"https:\/\/victorefege.es\/en\/wp-json\/wp\/v2\/pages"}],"about":[{"href":"https:\/\/victorefege.es\/en\/wp-json\/wp\/v2\/types\/page"}],"author":[{"embeddable":true,"href":"https:\/\/victorefege.es\/en\/wp-json\/wp\/v2\/users\/1"}],"replies":[{"embeddable":true,"href":"https:\/\/victorefege.es\/en\/wp-json\/wp\/v2\/comments?post=15"}],"version-history":[{"count":11,"href":"https:\/\/victorefege.es\/en\/wp-json\/wp\/v2\/pages\/15\/revisions"}],"predecessor-version":[{"id":724,"href":"https:\/\/victorefege.es\/en\/wp-json\/wp\/v2\/pages\/15\/revisions\/724"}],"wp:attachment":[{"href":"https:\/\/victorefege.es\/en\/wp-json\/wp\/v2\/media?parent=15"}],"curies":[{"name":"wp","href":"https:\/\/api.w.org\/{rel}","templated":true}]}}